{"id":2,"date":"2023-09-13T19:39:57","date_gmt":"2023-09-13T17:39:57","guid":{"rendered":"https:\/\/audyt-sce.home.pl\/CP_new_2023\/?page_id=2"},"modified":"2023-10-03T08:21:23","modified_gmt":"2023-10-03T06:21:23","slug":"o-nas","status":"publish","type":"page","link":"https:\/\/cichyport.pl\/index.php\/o-nas\/","title":{"rendered":"O nas |"},"content":{"rendered":"\t\t<div data-elementor-type=\"wp-page\" data-elementor-id=\"2\" class=\"elementor elementor-2\">\n\t\t\t\t\t\t\t<div class=\"elementor-element elementor-element-430b6a71 e-flex e-con-boxed e-con e-parent\" data-id=\"430b6a71\" data-element_type=\"container\" data-settings=\"{&quot;content_width&quot;:&quot;boxed&quot;}\" data-core-v316-plus=\"true\">\n\t\t\t\t\t<div class=\"e-con-inner\">\n\t\t\t\t<div class=\"elementor-element elementor-element-121e5956 elementor-widget elementor-widget-text-editor\" data-id=\"121e5956\" data-element_type=\"widget\" data-widget_type=\"text-editor.default\">\n\t\t\t\t<div class=\"elementor-widget-container\">\n\t\t\t<style>\/*! elementor - v3.16.0 - 14-09-2023 *\/\n.elementor-widget-text-editor.elementor-drop-cap-view-stacked .elementor-drop-cap{background-color:#69727d;color:#fff}.elementor-widget-text-editor.elementor-drop-cap-view-framed .elementor-drop-cap{color:#69727d;border:3px solid;background-color:transparent}.elementor-widget-text-editor:not(.elementor-drop-cap-view-default) .elementor-drop-cap{margin-top:8px}.elementor-widget-text-editor:not(.elementor-drop-cap-view-default) .elementor-drop-cap-letter{width:1em;height:1em}.elementor-widget-text-editor .elementor-drop-cap{float:left;text-align:center;line-height:1;font-size:50px}.elementor-widget-text-editor .elementor-drop-cap-letter{display:inline-block}<\/style>\t\t\t\t<!-- wp:image {\"align\":\"center\",\"id\":64,\"width\":730,\"height\":1062,\"sizeSlug\":\"large\",\"linkDestination\":\"none\"} -->\n<figure class=\"wp-block-image aligncenter size-large is-resized\"><img loading=\"lazy\" decoding=\"async\" src=\"https:\/\/audyt-sce.home.pl\/CP_new_2023\/wp-content\/uploads\/2023\/09\/strona-1-704x1024.jpg\" alt=\"\" class=\"wp-image-64\" style=\"width:730px;height:1062px\" width=\"730\" height=\"1062\" srcset=\"https:\/\/audyt-sce.home.pl\/CP_new_2023\/wp-content\/uploads\/2023\/09\/strona-1-704x1024.jpg 704w, https:\/\/audyt-sce.home.pl\/CP_new_2023\/wp-content\/uploads\/2023\/09\/strona-1-206x300.jpg 206w, https:\/\/audyt-sce.home.pl\/CP_new_2023\/wp-content\/uploads\/2023\/09\/strona-1-768x1118.jpg 768w, https:\/\/audyt-sce.home.pl\/CP_new_2023\/wp-content\/uploads\/2023\/09\/strona-1-1055x1536.jpg 1055w, https:\/\/audyt-sce.home.pl\/CP_new_2023\/wp-content\/uploads\/2023\/09\/strona-1.jpg 1188w\" sizes=\"auto, (max-width: 730px) 100vw, 730px\" \/><\/figure>\n<!-- \/wp:image -->\n\n<!-- wp:image {\"align\":\"center\",\"id\":65,\"width\":732,\"height\":1027,\"sizeSlug\":\"large\",\"linkDestination\":\"none\"} -->\n<figure class=\"wp-block-image aligncenter size-large is-resized\"><img loading=\"lazy\" decoding=\"async\" src=\"https:\/\/audyt-sce.home.pl\/CP_new_2023\/wp-content\/uploads\/2023\/09\/strona-2-730x1024.jpg\" alt=\"\" class=\"wp-image-65\" style=\"width:732px;height:1027px\" width=\"732\" height=\"1027\" srcset=\"https:\/\/audyt-sce.home.pl\/CP_new_2023\/wp-content\/uploads\/2023\/09\/strona-2-730x1024.jpg 730w, https:\/\/audyt-sce.home.pl\/CP_new_2023\/wp-content\/uploads\/2023\/09\/strona-2-214x300.jpg 214w, https:\/\/audyt-sce.home.pl\/CP_new_2023\/wp-content\/uploads\/2023\/09\/strona-2-768x1078.jpg 768w, https:\/\/audyt-sce.home.pl\/CP_new_2023\/wp-content\/uploads\/2023\/09\/strona-2-1095x1536.jpg 1095w, https:\/\/audyt-sce.home.pl\/CP_new_2023\/wp-content\/uploads\/2023\/09\/strona-2.jpg 1188w\" sizes=\"auto, (max-width: 732px) 100vw, 732px\" \/><\/figure>\n<!-- \/wp:image -->\t\t\t\t\t\t<\/div>\n\t\t\t\t<\/div>\n\t\t\t\t\t<\/div>\n\t\t\t\t<\/div>\n\t\t<div class=\"elementor-element elementor-element-42f86ee e-flex e-con-boxed e-con e-parent\" data-id=\"42f86ee\" data-element_type=\"container\" data-settings=\"{&quot;content_width&quot;:&quot;boxed&quot;}\" data-core-v316-plus=\"true\">\n\t\t\t\t\t<div class=\"e-con-inner\">\n\t\t\t\t<div class=\"elementor-element elementor-element-6cd6c32 elementor-widget elementor-widget-html\" data-id=\"6cd6c32\" data-element_type=\"widget\" data-widget_type=\"html.default\">\n\t\t\t\t<div class=\"elementor-widget-container\">\n\t\t\t<!-- Global site tag (gtag.js) - Google Analytics -->\n<script async src=\"https:\/\/www.googletagmanager.com\/gtag\/js?id=UA-6874688-3\"><\/script>\n<script>\n  window.dataLayer = window.dataLayer || [];\n  function gtag(){dataLayer.push(arguments);}\n  gtag('js', new Date());\n\n  gtag('config', 'UA-6874688-3');\n<\/script>\n\t\t<\/div>\n\t\t\t\t<\/div>\n\t\t\t\t\t<\/div>\n\t\t\t\t<\/div>\n\t\t\t\t\t\t\t<\/div>\n\t\t","protected":false},"excerpt":{"rendered":"","protected":false},"author":1,"featured_media":0,"parent":0,"menu_order":2,"comment_status":"closed","ping_status":"closed","template":"","meta":{"_kad_post_transparent":"","_kad_post_title":"","_kad_post_layout":"","_kad_post_sidebar_id":"","_kad_post_content_style":"","_kad_post_vertical_padding":"","_kad_post_feature":"","_kad_post_feature_position":"","_kad_post_header":false,"_kad_post_footer":false,"footnotes":""},"class_list":["post-2","page","type-page","status-publish","hentry"],"yoast_head":"<!-- This site is optimized with the Yoast SEO plugin v21.1 - https:\/\/yoast.com\/wordpress\/plugins\/seo\/ -->\n<title>O nas | - Biuro Nieruchomo\u015bci CICHY PORT<\/title>\n<meta name=\"description\" content=\"Cichy Port - gda\u0144skie biuro nieruchomo\u015bci. Oferta po\u015brednictwa w obrocie nieruchomo\u015bciami w Tr\u00f3jmie\u015bcie. Z nami masz pewno\u015b\u0107, \u017ce Twoja transakcja zostanie przeprowadzona szybko i profesjonalnie.\" \/>\n<meta name=\"robots\" content=\"index, follow, max-snippet:-1, max-image-preview:large, max-video-preview:-1\" \/>\n<link rel=\"canonical\" href=\"https:\/\/cichyport.pl\/index.php\/o-nas\/\" \/>\n<meta property=\"og:locale\" content=\"pl_PL\" \/>\n<meta property=\"og:type\" content=\"article\" \/>\n<meta property=\"og:title\" content=\"O nas | - Biuro Nieruchomo\u015bci CICHY PORT\" \/>\n<meta property=\"og:description\" content=\"Cichy Port - gda\u0144skie biuro nieruchomo\u015bci. Oferta po\u015brednictwa w obrocie nieruchomo\u015bciami w Tr\u00f3jmie\u015bcie. Z nami masz pewno\u015b\u0107, \u017ce Twoja transakcja zostanie przeprowadzona szybko i profesjonalnie.\" \/>\n<meta property=\"og:url\" content=\"https:\/\/cichyport.pl\/index.php\/o-nas\/\" \/>\n<meta property=\"og:site_name\" content=\"Biuro Nieruchomo\u015bci CICHY PORT\" \/>\n<meta property=\"article:publisher\" content=\"https:\/\/facebook.com\/cichyport\" \/>\n<meta property=\"article:modified_time\" content=\"2023-10-03T06:21:23+00:00\" \/>\n<meta property=\"og:image\" content=\"https:\/\/audyt-sce.home.pl\/CP_new_2023\/wp-content\/uploads\/2023\/09\/strona-1-704x1024.jpg\" \/>\n<meta name=\"twitter:card\" content=\"summary_large_image\" \/>\n<meta name=\"twitter:label1\" content=\"Szacowany czas czytania\" \/>\n\t<meta name=\"twitter:data1\" content=\"1 minuta\" \/>\n<script type=\"application\/ld+json\" class=\"yoast-schema-graph\">{\"@context\":\"https:\/\/schema.org\",\"@graph\":[{\"@type\":\"WebPage\",\"@id\":\"https:\/\/cichyport.pl\/index.php\/o-nas\/\",\"url\":\"https:\/\/cichyport.pl\/index.php\/o-nas\/\",\"name\":\"O nas | - Biuro Nieruchomo\u015bci CICHY PORT\",\"isPartOf\":{\"@id\":\"https:\/\/cichyport.pl\/#website\"},\"datePublished\":\"2023-09-13T17:39:57+00:00\",\"dateModified\":\"2023-10-03T06:21:23+00:00\",\"description\":\"Cichy Port - gda\u0144skie biuro nieruchomo\u015bci. Oferta po\u015brednictwa w obrocie nieruchomo\u015bciami w Tr\u00f3jmie\u015bcie. Z nami masz pewno\u015b\u0107, \u017ce Twoja transakcja zostanie przeprowadzona szybko i profesjonalnie.\",\"breadcrumb\":{\"@id\":\"https:\/\/cichyport.pl\/index.php\/o-nas\/#breadcrumb\"},\"inLanguage\":\"pl-PL\",\"potentialAction\":[{\"@type\":\"ReadAction\",\"target\":[\"https:\/\/cichyport.pl\/index.php\/o-nas\/\"]}]},{\"@type\":\"BreadcrumbList\",\"@id\":\"https:\/\/cichyport.pl\/index.php\/o-nas\/#breadcrumb\",\"itemListElement\":[{\"@type\":\"ListItem\",\"position\":1,\"name\":\"Strona g\u0142\u00f3wna\",\"item\":\"https:\/\/cichyport.pl\/\"},{\"@type\":\"ListItem\",\"position\":2,\"name\":\"O nas |\"}]},{\"@type\":\"WebSite\",\"@id\":\"https:\/\/cichyport.pl\/#website\",\"url\":\"https:\/\/cichyport.pl\/\",\"name\":\"Biuro Nieruchomo\u015bci CICHY PORT\",\"description\":\"...znajd\u017a z nami sw\u00f3j w\u0142asny cichy port\",\"publisher\":{\"@id\":\"https:\/\/cichyport.pl\/#organization\"},\"potentialAction\":[{\"@type\":\"SearchAction\",\"target\":{\"@type\":\"EntryPoint\",\"urlTemplate\":\"https:\/\/cichyport.pl\/?s={search_term_string}\"},\"query-input\":\"required name=search_term_string\"}],\"inLanguage\":\"pl-PL\"},{\"@type\":\"Organization\",\"@id\":\"https:\/\/cichyport.pl\/#organization\",\"name\":\"Biuro Nieruchomo\u015bci CICHY PORT\",\"alternateName\":\"CICHY PORT Biuro Nieruchomo\u015bci\",\"url\":\"https:\/\/cichyport.pl\/\",\"logo\":{\"@type\":\"ImageObject\",\"inLanguage\":\"pl-PL\",\"@id\":\"https:\/\/cichyport.pl\/#\/schema\/logo\/image\/\",\"url\":\"https:\/\/audyt-sce.home.pl\/CP_new_2023\/wp-content\/uploads\/2023\/09\/logo.png\",\"contentUrl\":\"https:\/\/audyt-sce.home.pl\/CP_new_2023\/wp-content\/uploads\/2023\/09\/logo.png\",\"width\":270,\"height\":270,\"caption\":\"Biuro Nieruchomo\u015bci CICHY PORT\"},\"image\":{\"@id\":\"https:\/\/cichyport.pl\/#\/schema\/logo\/image\/\"},\"sameAs\":[\"https:\/\/facebook.com\/cichyport\"]}]}<\/script>\n<!-- \/ Yoast SEO plugin. -->","yoast_head_json":{"title":"O nas | - Biuro Nieruchomo\u015bci CICHY PORT","description":"Cichy Port - gda\u0144skie biuro nieruchomo\u015bci. Oferta po\u015brednictwa w obrocie nieruchomo\u015bciami w Tr\u00f3jmie\u015bcie. Z nami masz pewno\u015b\u0107, \u017ce Twoja transakcja zostanie przeprowadzona szybko i profesjonalnie.","robots":{"index":"index","follow":"follow","max-snippet":"max-snippet:-1","max-image-preview":"max-image-preview:large","max-video-preview":"max-video-preview:-1"},"canonical":"https:\/\/cichyport.pl\/index.php\/o-nas\/","og_locale":"pl_PL","og_type":"article","og_title":"O nas | - Biuro Nieruchomo\u015bci CICHY PORT","og_description":"Cichy Port - gda\u0144skie biuro nieruchomo\u015bci. Oferta po\u015brednictwa w obrocie nieruchomo\u015bciami w Tr\u00f3jmie\u015bcie. Z nami masz pewno\u015b\u0107, \u017ce Twoja transakcja zostanie przeprowadzona szybko i profesjonalnie.","og_url":"https:\/\/cichyport.pl\/index.php\/o-nas\/","og_site_name":"Biuro Nieruchomo\u015bci CICHY PORT","article_publisher":"https:\/\/facebook.com\/cichyport","article_modified_time":"2023-10-03T06:21:23+00:00","og_image":[{"url":"https:\/\/audyt-sce.home.pl\/CP_new_2023\/wp-content\/uploads\/2023\/09\/strona-1-704x1024.jpg"}],"twitter_card":"summary_large_image","twitter_misc":{"Szacowany czas czytania":"1 minuta"},"schema":{"@context":"https:\/\/schema.org","@graph":[{"@type":"WebPage","@id":"https:\/\/cichyport.pl\/index.php\/o-nas\/","url":"https:\/\/cichyport.pl\/index.php\/o-nas\/","name":"O nas | - Biuro Nieruchomo\u015bci CICHY PORT","isPartOf":{"@id":"https:\/\/cichyport.pl\/#website"},"datePublished":"2023-09-13T17:39:57+00:00","dateModified":"2023-10-03T06:21:23+00:00","description":"Cichy Port - gda\u0144skie biuro nieruchomo\u015bci. Oferta po\u015brednictwa w obrocie nieruchomo\u015bciami w Tr\u00f3jmie\u015bcie. Z nami masz pewno\u015b\u0107, \u017ce Twoja transakcja zostanie przeprowadzona szybko i profesjonalnie.","breadcrumb":{"@id":"https:\/\/cichyport.pl\/index.php\/o-nas\/#breadcrumb"},"inLanguage":"pl-PL","potentialAction":[{"@type":"ReadAction","target":["https:\/\/cichyport.pl\/index.php\/o-nas\/"]}]},{"@type":"BreadcrumbList","@id":"https:\/\/cichyport.pl\/index.php\/o-nas\/#breadcrumb","itemListElement":[{"@type":"ListItem","position":1,"name":"Strona g\u0142\u00f3wna","item":"https:\/\/cichyport.pl\/"},{"@type":"ListItem","position":2,"name":"O nas |"}]},{"@type":"WebSite","@id":"https:\/\/cichyport.pl\/#website","url":"https:\/\/cichyport.pl\/","name":"Biuro Nieruchomo\u015bci CICHY PORT","description":"...znajd\u017a z nami sw\u00f3j w\u0142asny cichy port","publisher":{"@id":"https:\/\/cichyport.pl\/#organization"},"potentialAction":[{"@type":"SearchAction","target":{"@type":"EntryPoint","urlTemplate":"https:\/\/cichyport.pl\/?s={search_term_string}"},"query-input":"required name=search_term_string"}],"inLanguage":"pl-PL"},{"@type":"Organization","@id":"https:\/\/cichyport.pl\/#organization","name":"Biuro Nieruchomo\u015bci CICHY PORT","alternateName":"CICHY PORT Biuro Nieruchomo\u015bci","url":"https:\/\/cichyport.pl\/","logo":{"@type":"ImageObject","inLanguage":"pl-PL","@id":"https:\/\/cichyport.pl\/#\/schema\/logo\/image\/","url":"https:\/\/audyt-sce.home.pl\/CP_new_2023\/wp-content\/uploads\/2023\/09\/logo.png","contentUrl":"https:\/\/audyt-sce.home.pl\/CP_new_2023\/wp-content\/uploads\/2023\/09\/logo.png","width":270,"height":270,"caption":"Biuro Nieruchomo\u015bci CICHY PORT"},"image":{"@id":"https:\/\/cichyport.pl\/#\/schema\/logo\/image\/"},"sameAs":["https:\/\/facebook.com\/cichyport"]}]}},"_links":{"self":[{"href":"https:\/\/cichyport.pl\/index.php\/wp-json\/wp\/v2\/pages\/2","targetHints":{"allow":["GET"]}}],"collection":[{"href":"https:\/\/cichyport.pl\/index.php\/wp-json\/wp\/v2\/pages"}],"about":[{"href":"https:\/\/cichyport.pl\/index.php\/wp-json\/wp\/v2\/types\/page"}],"author":[{"embeddable":true,"href":"https:\/\/cichyport.pl\/index.php\/wp-json\/wp\/v2\/users\/1"}],"replies":[{"embeddable":true,"href":"https:\/\/cichyport.pl\/index.php\/wp-json\/wp\/v2\/comments?post=2"}],"version-history":[{"count":6,"href":"https:\/\/cichyport.pl\/index.php\/wp-json\/wp\/v2\/pages\/2\/revisions"}],"predecessor-version":[{"id":321,"href":"https:\/\/cichyport.pl\/index.php\/wp-json\/wp\/v2\/pages\/2\/revisions\/321"}],"wp:attachment":[{"href":"https:\/\/cichyport.pl\/index.php\/wp-json\/wp\/v2\/media?parent=2"}],"curies":[{"name":"wp","href":"https:\/\/api.w.org\/{rel}","templated":true}]}}