{"id":41,"date":"2023-09-19T13:33:07","date_gmt":"2023-09-19T11:33:07","guid":{"rendered":"https:\/\/audyt-sce.home.pl\/CP_new_2023\/?page_id=41"},"modified":"2023-10-03T08:16:09","modified_gmt":"2023-10-03T06:16:09","slug":"analiza-prawna-nieruchomosci","status":"publish","type":"page","link":"https:\/\/cichyport.pl\/index.php\/analiza-prawna-nieruchomosci\/","title":{"rendered":"Analiza prawna nieruchomo\u015bci |"},"content":{"rendered":"\t\t<div data-elementor-type=\"wp-page\" data-elementor-id=\"41\" class=\"elementor elementor-41\">\n\t\t\t\t\t\t\t<div class=\"elementor-element elementor-element-995beb0 e-flex e-con-boxed e-con e-parent\" data-id=\"995beb0\" data-element_type=\"container\" data-settings=\"{&quot;content_width&quot;:&quot;boxed&quot;}\" data-core-v316-plus=\"true\">\n\t\t\t\t\t<div class=\"e-con-inner\">\n\t\t\t\t<div class=\"elementor-element elementor-element-d12fbe7 elementor-widget elementor-widget-image\" data-id=\"d12fbe7\" data-element_type=\"widget\" data-widget_type=\"image.default\">\n\t\t\t\t<div class=\"elementor-widget-container\">\n\t\t\t<style>\/*! elementor - v3.16.0 - 14-09-2023 *\/\n.elementor-widget-image{text-align:center}.elementor-widget-image a{display:inline-block}.elementor-widget-image a img[src$=\".svg\"]{width:48px}.elementor-widget-image img{vertical-align:middle;display:inline-block}<\/style>\t\t\t\t\t\t\t\t\t\t\t\t<img loading=\"lazy\" decoding=\"async\" width=\"1024\" height=\"328\" src=\"https:\/\/audyt-sce.home.pl\/CP_new_2023\/wp-content\/uploads\/2023\/09\/1-1024x328.jpg\" class=\"attachment-large size-large wp-image-102\" alt=\"\" srcset=\"https:\/\/audyt-sce.home.pl\/CP_new_2023\/wp-content\/uploads\/2023\/09\/1-1024x328.jpg 1024w, https:\/\/audyt-sce.home.pl\/CP_new_2023\/wp-content\/uploads\/2023\/09\/1-300x96.jpg 300w, https:\/\/audyt-sce.home.pl\/CP_new_2023\/wp-content\/uploads\/2023\/09\/1-768x246.jpg 768w, https:\/\/audyt-sce.home.pl\/CP_new_2023\/wp-content\/uploads\/2023\/09\/1.jpg 1366w\" sizes=\"auto, (max-width: 1024px) 100vw, 1024px\" \/>\t\t\t\t\t\t\t\t\t\t\t\t\t\t\t<\/div>\n\t\t\t\t<\/div>\n\t\t\t\t\t<\/div>\n\t\t\t\t<\/div>\n\t\t<div class=\"elementor-element elementor-element-43c89c5d e-flex e-con-boxed e-con e-parent\" data-id=\"43c89c5d\" data-element_type=\"container\" data-settings=\"{&quot;content_width&quot;:&quot;boxed&quot;}\" data-core-v316-plus=\"true\">\n\t\t\t\t\t<div class=\"e-con-inner\">\n\t\t\t\t<div class=\"elementor-element elementor-element-1e13e37a elementor-widget elementor-widget-text-editor\" data-id=\"1e13e37a\" data-element_type=\"widget\" data-widget_type=\"text-editor.default\">\n\t\t\t\t<div class=\"elementor-widget-container\">\n\t\t\t<style>\/*! elementor - v3.16.0 - 14-09-2023 *\/\n.elementor-widget-text-editor.elementor-drop-cap-view-stacked .elementor-drop-cap{background-color:#69727d;color:#fff}.elementor-widget-text-editor.elementor-drop-cap-view-framed .elementor-drop-cap{color:#69727d;border:3px solid;background-color:transparent}.elementor-widget-text-editor:not(.elementor-drop-cap-view-default) .elementor-drop-cap{margin-top:8px}.elementor-widget-text-editor:not(.elementor-drop-cap-view-default) .elementor-drop-cap-letter{width:1em;height:1em}.elementor-widget-text-editor .elementor-drop-cap{float:left;text-align:center;line-height:1;font-size:50px}.elementor-widget-text-editor .elementor-drop-cap-letter{display:inline-block}<\/style>\t\t\t\t<p><!-- wp:paragraph --><\/p>\n<p><strong>Oferta analizy prawnej nieruchomo\u015bci<\/strong><\/p>\n<p><!-- \/wp:paragraph --><\/p>\n<p><!-- wp:paragraph --><\/p>\n<p>Analiza prawna lokalu to us\u0142uga, kt\u00f3ra polega na sprawdzeniu stanu prawnego nieruchomo\u015bci, z kt\u00f3rej korzysta lub zamierza korzysta\u0107 klient. Analiza prawna lokalu mo\u017ce dotyczy\u0107 zar\u00f3wno nieruchomo\u015bci gruntowej, budynkowej, jak i lokalowej. Celem analizy prawnej jest zapewnienie klientowi bezpiecze\u0144stwa i pewno\u015bci transakcji oraz wykrycie ewentualnych zagro\u017ce\u0144 lub obci\u0105\u017ce\u0144 prawnych.<\/p>\n<p><!-- \/wp:paragraph --><\/p>\n<p><!-- wp:paragraph --><\/p>\n<p>Zanim zdecydujesz si\u0119 na kupno lub najem lokalu, sprawd\u017a stan prawny nieruchomo\u015bci, kt\u00f3r\u0105 chcesz naby\u0107 lub wynaj\u0105\u0107. Zam\u00f3w u nas analiz\u0119 prawn\u0105 lokalu i b\u0105d\u017a pewny swojej decyzji.Sprawdzimy dla Ciebie stan prawny nieruchomo\u015bci pod k\u0105tem obci\u0105\u017ce\u0144, roszcze\u0144, ogranicze\u0144 i innych zagro\u017ce\u0144. Analiza prawn\u0105 wykonamy szybko i dok\u0142adnie.<br><br>Naszym atutem jest 15 letnie do\u015bwiadczenie w bran\u017cy nieruchomo\u015bci.<br>Skontaktuj si\u0119 z nami i zabezpiecz sw\u00f3j interes. Napisz do nas i zapytaj o szczeg\u00f3\u0142y.<\/p>\n<p><!-- \/wp:paragraph --><\/p>\n<p><!-- wp:separator --><\/p>\n<hr class=\"wp-block-separator has-alpha-channel-opacity\">\n<p><!-- \/wp:separator --><\/p>\n<p><!-- wp:paragraph --><\/p>\n<p><br><strong>KORZY\u015aCI Z ZAM\u00d3WIENIA ANALIZY PRAWNEJ:<\/strong><\/p>\n<p><!-- \/wp:paragraph --><\/p>\n<p><!-- wp:list --><\/p>\n<ul><!-- wp:list-item --><p><\/p>\n<li>unikni\u0119cie ryzyka nabycia nieruchomo\u015bci z wadami prawnymi, takimi jak obci\u0105\u017cona hipoteka, s\u0142u\u017cebno\u015b\u0107, roszczenia os\u00f3b trzecich, ograniczenia w rozporz\u0105dzaniu itp.<\/li>\n<p><!-- \/wp:list-item --><\/p>\n<p><!-- wp:list-item --><\/p>\n<li>mo\u017cliwo\u015b\u0107 negocjacji ceny lub warunk\u00f3w umowy ze sprzedaj\u0105cym z uwzgl\u0119dnieniem wynik\u00f3w analizy prawnej<\/li>\n<p><!-- \/wp:list-item --><\/p>\n<p><!-- wp:list-item --><\/p>\n<li>ochrona przed nieuczciwymi sprzedawcami, kt\u00f3rzy mog\u0105 ukrywa\u0107 istotne informacje o nieruchomo\u015bci.<\/li>\n<p><!-- \/wp:list-item --><\/p>\n<\/ul>\n<p><!-- \/wp:list --><\/p>\n<p><!-- wp:paragraph --><\/p>\n<p><strong>ZAKRES OFERTY:<\/strong><\/p>\n<p><!-- \/wp:paragraph --><\/p>\n<p><!-- wp:list {\"ordered\":true,\"type\":\"1\"} --><\/p>\n<ol type=\"1\"><!-- wp:list-item --><p><\/p>\n<li>Analiza stanu prawnego nieruchomo\u015bci:<br>&#8211; analiza wpis\u00f3w w ksi\u0119gach wieczystych,<br>&#8211;&nbsp;wskazanie potencjalnych zagro\u017ce\u0144.<\/li>\n<p><!-- \/wp:list-item --><\/p>\n<p><!-- wp:list-item --><\/p>\n<li>Analiza innych dostarczonych dokument\u00f3w,<br>&#8211; analiza projektu umowy przedwst\u0119pnej lub umowy sprzeda\u017cy akceptowanej przez bank udzielaj\u0105cy kredytu,<br>&#8211; ewentualnie propozycja indywidualnego projektu cywilno &#8211; prawnej umowy przedwst\u0119pnej<\/li>\n<p><!-- \/wp:list-item --><\/p>\n<p><!-- wp:list-item --><\/p>\n<li>Wykaz podstawowych dokument\u00f3w koniecznych do zawarcia w\/w um\u00f3w.<br><br><strong>Cena od 370 z\u0142 brutto<br><\/strong>W przypadku spraw wymagaj\u0105cych dodatkowych czynno\u015bci lub dokument\u00f3w cena ustalana jest indywidualnie po konsultacji, bez narzucania kwoty minimalnej.<\/li>\n<p><!-- \/wp:list-item --><\/p>\n<\/ol>\n<p><!-- \/wp:list --><\/p>\n<p><!-- wp:separator --><\/p>\n<hr class=\"wp-block-separator has-alpha-channel-opacity\">\n<p><!-- \/wp:separator --><\/p>\n<p><!-- wp:paragraph --><\/p>\n<p><br><strong>Stawiamy na jako\u015b\u0107 i wsp\u00f3\u0142prac\u0119<\/strong><\/p>\n<p><!-- \/wp:paragraph --><\/p>\n<p><!-- wp:paragraph --><\/p>\n<p>Pracujemy dla naszych Klient\u00f3w. Wa\u017cnym elementem naszej pracy jest jako\u015b\u0107 wsp\u00f3\u0142pracy. Stawiamy te\u017c na najlepsze standardy.<br>Nie mo\u017cesz znale\u017a\u0107 odpowiadaj\u0105cej Twoim wymaganiom oferty?<br>Napisz nam o swoich preferencjach, a postaramy si\u0119 znale\u017a\u0107 nieruchomo\u015b\u0107 dla Ciebie<\/p>\n<p><!-- \/wp:paragraph --><\/p>\t\t\t\t\t\t<\/div>\n\t\t\t\t<\/div>\n\t\t\t\t\t<\/div>\n\t\t\t\t<\/div>\n\t\t<div class=\"elementor-element elementor-element-51281c6 e-flex e-con-boxed e-con e-parent\" data-id=\"51281c6\" data-element_type=\"container\" data-settings=\"{&quot;content_width&quot;:&quot;boxed&quot;}\" data-core-v316-plus=\"true\">\n\t\t\t\t\t<div class=\"e-con-inner\">\n\t\t\t\t<div class=\"elementor-element elementor-element-1ae0d82 elementor-widget elementor-widget-html\" data-id=\"1ae0d82\" data-element_type=\"widget\" data-widget_type=\"html.default\">\n\t\t\t\t<div class=\"elementor-widget-container\">\n\t\t\t<!-- Global site tag (gtag.js) - Google Analytics -->\n<script async src=\"https:\/\/www.googletagmanager.com\/gtag\/js?id=UA-6874688-3\"><\/script>\n<script>\n  window.dataLayer = window.dataLayer || [];\n  function gtag(){dataLayer.push(arguments);}\n  gtag('js', new Date());\n\n  gtag('config', 'UA-6874688-3');\n<\/script>\n\t\t<\/div>\n\t\t\t\t<\/div>\n\t\t\t\t\t<\/div>\n\t\t\t\t<\/div>\n\t\t\t\t\t\t\t<\/div>\n\t\t","protected":false},"excerpt":{"rendered":"<p>Oferta analizy prawnej nieruchomo\u015bci Analiza prawna lokalu to us\u0142uga, kt\u00f3ra polega na sprawdzeniu stanu prawnego nieruchomo\u015bci, z kt\u00f3rej korzysta lub zamierza korzysta\u0107 klient. Analiza prawna lokalu mo\u017ce dotyczy\u0107 zar\u00f3wno nieruchomo\u015bci gruntowej, budynkowej, jak i lokalowej. Celem analizy prawnej jest zapewnienie klientowi bezpiecze\u0144stwa i pewno\u015bci transakcji oraz wykrycie ewentualnych zagro\u017ce\u0144 lub obci\u0105\u017ce\u0144 prawnych. Zanim zdecydujesz si\u0119&#8230;<\/p>\n","protected":false},"author":1,"featured_media":0,"parent":0,"menu_order":1,"comment_status":"closed","ping_status":"closed","template":"","meta":{"_kad_post_transparent":"","_kad_post_title":"","_kad_post_layout":"","_kad_post_sidebar_id":"","_kad_post_content_style":"","_kad_post_vertical_padding":"","_kad_post_feature":"","_kad_post_feature_position":"","_kad_post_header":false,"_kad_post_footer":false,"footnotes":""},"class_list":["post-41","page","type-page","status-publish","hentry"],"yoast_head":"<!-- This site is optimized with the Yoast SEO plugin v21.1 - https:\/\/yoast.com\/wordpress\/plugins\/seo\/ -->\n<title>Analiza prawna nieruchomo\u015bci | - Biuro Nieruchomo\u015bci CICHY PORT<\/title>\n<meta name=\"robots\" content=\"index, follow, max-snippet:-1, max-image-preview:large, max-video-preview:-1\" \/>\n<link rel=\"canonical\" href=\"https:\/\/cichyport.pl\/index.php\/analiza-prawna-nieruchomosci\/\" \/>\n<meta property=\"og:locale\" content=\"pl_PL\" \/>\n<meta property=\"og:type\" content=\"article\" \/>\n<meta property=\"og:title\" content=\"Analiza prawna nieruchomo\u015bci | - Biuro Nieruchomo\u015bci CICHY PORT\" \/>\n<meta property=\"og:description\" content=\"Oferta analizy prawnej nieruchomo\u015bci Analiza prawna lokalu to us\u0142uga, kt\u00f3ra polega na sprawdzeniu stanu prawnego nieruchomo\u015bci, z kt\u00f3rej korzysta lub zamierza korzysta\u0107 klient. Analiza prawna lokalu mo\u017ce dotyczy\u0107 zar\u00f3wno nieruchomo\u015bci gruntowej, budynkowej, jak i lokalowej. Celem analizy prawnej jest zapewnienie klientowi bezpiecze\u0144stwa i pewno\u015bci transakcji oraz wykrycie ewentualnych zagro\u017ce\u0144 lub obci\u0105\u017ce\u0144 prawnych. Zanim zdecydujesz si\u0119...\" \/>\n<meta property=\"og:url\" content=\"https:\/\/cichyport.pl\/index.php\/analiza-prawna-nieruchomosci\/\" \/>\n<meta property=\"og:site_name\" content=\"Biuro Nieruchomo\u015bci CICHY PORT\" \/>\n<meta property=\"article:publisher\" content=\"https:\/\/facebook.com\/cichyport\" \/>\n<meta property=\"article:modified_time\" content=\"2023-10-03T06:16:09+00:00\" \/>\n<meta property=\"og:image\" content=\"https:\/\/audyt-sce.home.pl\/CP_new_2023\/wp-content\/uploads\/2023\/09\/1-1024x328.jpg\" \/>\n<meta name=\"twitter:card\" content=\"summary_large_image\" \/>\n<meta name=\"twitter:label1\" content=\"Szacowany czas czytania\" \/>\n\t<meta name=\"twitter:data1\" content=\"2 minuty\" \/>\n<script type=\"application\/ld+json\" class=\"yoast-schema-graph\">{\"@context\":\"https:\/\/schema.org\",\"@graph\":[{\"@type\":\"WebPage\",\"@id\":\"https:\/\/cichyport.pl\/index.php\/analiza-prawna-nieruchomosci\/\",\"url\":\"https:\/\/cichyport.pl\/index.php\/analiza-prawna-nieruchomosci\/\",\"name\":\"Analiza prawna nieruchomo\u015bci | - Biuro Nieruchomo\u015bci CICHY PORT\",\"isPartOf\":{\"@id\":\"https:\/\/cichyport.pl\/#website\"},\"datePublished\":\"2023-09-19T11:33:07+00:00\",\"dateModified\":\"2023-10-03T06:16:09+00:00\",\"breadcrumb\":{\"@id\":\"https:\/\/cichyport.pl\/index.php\/analiza-prawna-nieruchomosci\/#breadcrumb\"},\"inLanguage\":\"pl-PL\",\"potentialAction\":[{\"@type\":\"ReadAction\",\"target\":[\"https:\/\/cichyport.pl\/index.php\/analiza-prawna-nieruchomosci\/\"]}]},{\"@type\":\"BreadcrumbList\",\"@id\":\"https:\/\/cichyport.pl\/index.php\/analiza-prawna-nieruchomosci\/#breadcrumb\",\"itemListElement\":[{\"@type\":\"ListItem\",\"position\":1,\"name\":\"Strona g\u0142\u00f3wna\",\"item\":\"https:\/\/cichyport.pl\/\"},{\"@type\":\"ListItem\",\"position\":2,\"name\":\"Analiza prawna nieruchomo\u015bci |\"}]},{\"@type\":\"WebSite\",\"@id\":\"https:\/\/cichyport.pl\/#website\",\"url\":\"https:\/\/cichyport.pl\/\",\"name\":\"Biuro Nieruchomo\u015bci CICHY PORT\",\"description\":\"...znajd\u017a z nami sw\u00f3j w\u0142asny cichy port\",\"publisher\":{\"@id\":\"https:\/\/cichyport.pl\/#organization\"},\"potentialAction\":[{\"@type\":\"SearchAction\",\"target\":{\"@type\":\"EntryPoint\",\"urlTemplate\":\"https:\/\/cichyport.pl\/?s={search_term_string}\"},\"query-input\":\"required name=search_term_string\"}],\"inLanguage\":\"pl-PL\"},{\"@type\":\"Organization\",\"@id\":\"https:\/\/cichyport.pl\/#organization\",\"name\":\"Biuro Nieruchomo\u015bci CICHY PORT\",\"alternateName\":\"CICHY PORT Biuro Nieruchomo\u015bci\",\"url\":\"https:\/\/cichyport.pl\/\",\"logo\":{\"@type\":\"ImageObject\",\"inLanguage\":\"pl-PL\",\"@id\":\"https:\/\/cichyport.pl\/#\/schema\/logo\/image\/\",\"url\":\"https:\/\/audyt-sce.home.pl\/CP_new_2023\/wp-content\/uploads\/2023\/09\/logo.png\",\"contentUrl\":\"https:\/\/audyt-sce.home.pl\/CP_new_2023\/wp-content\/uploads\/2023\/09\/logo.png\",\"width\":270,\"height\":270,\"caption\":\"Biuro Nieruchomo\u015bci CICHY PORT\"},\"image\":{\"@id\":\"https:\/\/cichyport.pl\/#\/schema\/logo\/image\/\"},\"sameAs\":[\"https:\/\/facebook.com\/cichyport\"]}]}<\/script>\n<!-- \/ Yoast SEO plugin. -->","yoast_head_json":{"title":"Analiza prawna nieruchomo\u015bci | - Biuro Nieruchomo\u015bci CICHY PORT","robots":{"index":"index","follow":"follow","max-snippet":"max-snippet:-1","max-image-preview":"max-image-preview:large","max-video-preview":"max-video-preview:-1"},"canonical":"https:\/\/cichyport.pl\/index.php\/analiza-prawna-nieruchomosci\/","og_locale":"pl_PL","og_type":"article","og_title":"Analiza prawna nieruchomo\u015bci | - Biuro Nieruchomo\u015bci CICHY PORT","og_description":"Oferta analizy prawnej nieruchomo\u015bci Analiza prawna lokalu to us\u0142uga, kt\u00f3ra polega na sprawdzeniu stanu prawnego nieruchomo\u015bci, z kt\u00f3rej korzysta lub zamierza korzysta\u0107 klient. Analiza prawna lokalu mo\u017ce dotyczy\u0107 zar\u00f3wno nieruchomo\u015bci gruntowej, budynkowej, jak i lokalowej. Celem analizy prawnej jest zapewnienie klientowi bezpiecze\u0144stwa i pewno\u015bci transakcji oraz wykrycie ewentualnych zagro\u017ce\u0144 lub obci\u0105\u017ce\u0144 prawnych. Zanim zdecydujesz si\u0119...","og_url":"https:\/\/cichyport.pl\/index.php\/analiza-prawna-nieruchomosci\/","og_site_name":"Biuro Nieruchomo\u015bci CICHY PORT","article_publisher":"https:\/\/facebook.com\/cichyport","article_modified_time":"2023-10-03T06:16:09+00:00","og_image":[{"url":"https:\/\/audyt-sce.home.pl\/CP_new_2023\/wp-content\/uploads\/2023\/09\/1-1024x328.jpg"}],"twitter_card":"summary_large_image","twitter_misc":{"Szacowany czas czytania":"2 minuty"},"schema":{"@context":"https:\/\/schema.org","@graph":[{"@type":"WebPage","@id":"https:\/\/cichyport.pl\/index.php\/analiza-prawna-nieruchomosci\/","url":"https:\/\/cichyport.pl\/index.php\/analiza-prawna-nieruchomosci\/","name":"Analiza prawna nieruchomo\u015bci | - Biuro Nieruchomo\u015bci CICHY PORT","isPartOf":{"@id":"https:\/\/cichyport.pl\/#website"},"datePublished":"2023-09-19T11:33:07+00:00","dateModified":"2023-10-03T06:16:09+00:00","breadcrumb":{"@id":"https:\/\/cichyport.pl\/index.php\/analiza-prawna-nieruchomosci\/#breadcrumb"},"inLanguage":"pl-PL","potentialAction":[{"@type":"ReadAction","target":["https:\/\/cichyport.pl\/index.php\/analiza-prawna-nieruchomosci\/"]}]},{"@type":"BreadcrumbList","@id":"https:\/\/cichyport.pl\/index.php\/analiza-prawna-nieruchomosci\/#breadcrumb","itemListElement":[{"@type":"ListItem","position":1,"name":"Strona g\u0142\u00f3wna","item":"https:\/\/cichyport.pl\/"},{"@type":"ListItem","position":2,"name":"Analiza prawna nieruchomo\u015bci |"}]},{"@type":"WebSite","@id":"https:\/\/cichyport.pl\/#website","url":"https:\/\/cichyport.pl\/","name":"Biuro Nieruchomo\u015bci CICHY PORT","description":"...znajd\u017a z nami sw\u00f3j w\u0142asny cichy port","publisher":{"@id":"https:\/\/cichyport.pl\/#organization"},"potentialAction":[{"@type":"SearchAction","target":{"@type":"EntryPoint","urlTemplate":"https:\/\/cichyport.pl\/?s={search_term_string}"},"query-input":"required name=search_term_string"}],"inLanguage":"pl-PL"},{"@type":"Organization","@id":"https:\/\/cichyport.pl\/#organization","name":"Biuro Nieruchomo\u015bci CICHY PORT","alternateName":"CICHY PORT Biuro Nieruchomo\u015bci","url":"https:\/\/cichyport.pl\/","logo":{"@type":"ImageObject","inLanguage":"pl-PL","@id":"https:\/\/cichyport.pl\/#\/schema\/logo\/image\/","url":"https:\/\/audyt-sce.home.pl\/CP_new_2023\/wp-content\/uploads\/2023\/09\/logo.png","contentUrl":"https:\/\/audyt-sce.home.pl\/CP_new_2023\/wp-content\/uploads\/2023\/09\/logo.png","width":270,"height":270,"caption":"Biuro Nieruchomo\u015bci CICHY PORT"},"image":{"@id":"https:\/\/cichyport.pl\/#\/schema\/logo\/image\/"},"sameAs":["https:\/\/facebook.com\/cichyport"]}]}},"_links":{"self":[{"href":"https:\/\/cichyport.pl\/index.php\/wp-json\/wp\/v2\/pages\/41","targetHints":{"allow":["GET"]}}],"collection":[{"href":"https:\/\/cichyport.pl\/index.php\/wp-json\/wp\/v2\/pages"}],"about":[{"href":"https:\/\/cichyport.pl\/index.php\/wp-json\/wp\/v2\/types\/page"}],"author":[{"embeddable":true,"href":"https:\/\/cichyport.pl\/index.php\/wp-json\/wp\/v2\/users\/1"}],"replies":[{"embeddable":true,"href":"https:\/\/cichyport.pl\/index.php\/wp-json\/wp\/v2\/comments?post=41"}],"version-history":[{"count":16,"href":"https:\/\/cichyport.pl\/index.php\/wp-json\/wp\/v2\/pages\/41\/revisions"}],"predecessor-version":[{"id":314,"href":"https:\/\/cichyport.pl\/index.php\/wp-json\/wp\/v2\/pages\/41\/revisions\/314"}],"wp:attachment":[{"href":"https:\/\/cichyport.pl\/index.php\/wp-json\/wp\/v2\/media?parent=41"}],"curies":[{"name":"wp","href":"https:\/\/api.w.org\/{rel}","templated":true}]}}